{"id":42,"date":"2015-09-13T15:24:22","date_gmt":"2015-09-13T15:24:22","guid":{"rendered":"http:\/\/www.malagabasenavalaccidental.com\/?page_id=42"},"modified":"2021-03-20T20:49:37","modified_gmt":"2021-03-20T20:49:37","slug":"compra-tu-ejemplar","status":"publish","type":"page","link":"http:\/\/www.malagabasenavalaccidental.com\/?page_id=42","title":{"rendered":"Compra tu ejemplar"},"content":{"rendered":"<p>Se ha revisado y lanzado la tercera edici\u00f3n del libro esta vez en versi\u00f3n electr\u00f3nica a trav\u00e9s de amazon pod\u00e9is adquirirla en:<\/p>\n<p><a href=\"https:\/\/www.amazon.es\/dp\/B07DRQ6XYH\/ref=dp-kindle-redirect?_encoding=UTF8&amp;btkr=1\">https:\/\/www.amazon.es\/dp\/B07DRQ6XYH\/ref=dp-kindle-redirect?_encoding=UTF8&amp;btkr=1<\/a><\/p>\n<p><img decoding=\"async\" src=\"https:\/\/images-eu.ssl-images-amazon.com\/images\/I\/51BI-qoiooL.jpg\" alt=\"M\u00c3\u00a1laga Base Naval Accidental. de [Cerdera Jim\u00c3\u00a9nez, Luis Miguel ]\" \/><\/p>\n<p>&nbsp;<\/p>\n<p>&nbsp;<\/p>\n","protected":false},"excerpt":{"rendered":"<p>Se ha revisado y lanzado la tercera edici\u00f3n del libro esta vez en versi\u00f3n electr\u00f3nica a trav\u00e9s de amazon pod\u00e9is adquirirla en: https:\/\/www.amazon.es\/dp\/B07DRQ6XYH\/ref=dp-kindle-redirect?_encoding=UTF8&amp;btkr=1 &nbsp; &nbsp;<\/p>\n","protected":false},"author":3,"featured_media":0,"parent":0,"menu_order":0,"comment_status":"closed","ping_status":"closed","template":"","meta":{"footnotes":""},"class_list":["post-42","page","type-page","status-publish","hentry"],"_links":{"self":[{"href":"http:\/\/www.malagabasenavalaccidental.com\/index.php?rest_route=\/wp\/v2\/pages\/42","targetHints":{"allow":["GET"]}}],"collection":[{"href":"http:\/\/www.malagabasenavalaccidental.com\/index.php?rest_route=\/wp\/v2\/pages"}],"about":[{"href":"http:\/\/www.malagabasenavalaccidental.com\/index.php?rest_route=\/wp\/v2\/types\/page"}],"author":[{"embeddable":true,"href":"http:\/\/www.malagabasenavalaccidental.com\/index.php?rest_route=\/wp\/v2\/users\/3"}],"replies":[{"embeddable":true,"href":"http:\/\/www.malagabasenavalaccidental.com\/index.php?rest_route=%2Fwp%2Fv2%2Fcomments&post=42"}],"version-history":[{"count":8,"href":"http:\/\/www.malagabasenavalaccidental.com\/index.php?rest_route=\/wp\/v2\/pages\/42\/revisions"}],"predecessor-version":[{"id":141,"href":"http:\/\/www.malagabasenavalaccidental.com\/index.php?rest_route=\/wp\/v2\/pages\/42\/revisions\/141"}],"wp:attachment":[{"href":"http:\/\/www.malagabasenavalaccidental.com\/index.php?rest_route=%2Fwp%2Fv2%2Fmedia&parent=42"}],"curies":[{"name":"wp","href":"https:\/\/api.w.org\/{rel}","templated":true}]}}