{"id":24,"date":"2015-09-13T14:33:34","date_gmt":"2015-09-13T14:33:34","guid":{"rendered":"http:\/\/www.malagabasenavalaccidental.com\/?page_id=24"},"modified":"2015-09-27T16:05:21","modified_gmt":"2015-09-27T16:05:21","slug":"autor","status":"publish","type":"page","link":"http:\/\/www.malagabasenavalaccidental.com\/?page_id=24","title":{"rendered":"Autor"},"content":{"rendered":"<p><a href=\"http:\/\/www.malagabasenavalaccidental.com\/wp-content\/uploads\/2015\/09\/segunda.jpg\"><img loading=\"lazy\" decoding=\"async\" class=\"size-medium wp-image-52 aligncenter\" src=\"http:\/\/www.malagabasenavalaccidental.com\/wp-content\/uploads\/2015\/09\/segunda-300x284.jpg\" alt=\"segunda\" width=\"300\" height=\"284\" srcset=\"http:\/\/www.malagabasenavalaccidental.com\/wp-content\/uploads\/2015\/09\/segunda-300x284.jpg 300w, http:\/\/www.malagabasenavalaccidental.com\/wp-content\/uploads\/2015\/09\/segunda-730x692.jpg 730w, http:\/\/www.malagabasenavalaccidental.com\/wp-content\/uploads\/2015\/09\/segunda.jpg 1000w\" sizes=\"auto, (max-width: 300px) 100vw, 300px\" \/><\/a><\/p>\n<p style=\"text-align: center;\">Luis Miguel Cerdera Jim\u00e9nez<\/p>\n<p style=\"text-align: left;\">Naci\u00f3 en 1963 en El Palo (M\u00e1laga), realiz\u00f3 sus estudios primarios y de bachillerato en la capital malague\u00f1a. Muy joven se traslad\u00f3 a And\u00fajar (Ja\u00e9n) donde trabaj\u00f3 en el Dep\u00f3sito Fiscal de Tabacalera. Por motivos laborales se traslad\u00f3 hasta La Rioja, donde compagin\u00f3 el trabajo en varias empresas con la finalizaci\u00f3n de su formaci\u00f3n acad\u00e9mica y profesional. Ha ejercido como profesor de mecanograf\u00eda y preparador de oposiciones en la Academia Iris y en el Centro de Estudios Gonzalo de Berceo de la capital Riojana, siendo actualmente funcionario del Ayuntamiento de Logro\u00f1o.<\/p>\n<p style=\"text-align: left;\">Apasionado investigador de La Guerra Civil, su inter\u00e9s por la Historia de Espa\u00f1a y en particular por la Marina, le llevaron a realizar este trabajo, donde da a conocer profundamente los acontecimientos de los primeros meses de la guerra en la Escuadra republicana y su estrecha relaci\u00f3n con la ciudad de M\u00e1laga.<\/p>\n<p style=\"text-align: left;\">Autodidacta en el m\u00e1s amplio sentido, este es su primer libro, fruto de varios a\u00f1os de trabajo en archivos, hemerotecas y testimonios personales de descendientes de marinos que soportaron con dureza aquellos meses en la castigada ciudad andaluza.<\/p>\n","protected":false},"excerpt":{"rendered":"<p>Luis Miguel Cerdera Jim\u00e9nez Naci\u00f3 en 1963 en El Palo (M\u00e1laga), realiz\u00f3 sus estudios primarios y de bachillerato en la capital malague\u00f1a. Muy joven se traslad\u00f3 a And\u00fajar (Ja\u00e9n) donde trabaj\u00f3 en el Dep\u00f3sito Fiscal de Tabacalera. Por motivos laborales se traslad\u00f3 hasta La Rioja, donde compagin\u00f3 el trabajo en varias empresas con la finalizaci\u00f3n [&hellip;]<\/p>\n","protected":false},"author":3,"featured_media":0,"parent":0,"menu_order":0,"comment_status":"closed","ping_status":"closed","template":"","meta":{"footnotes":""},"class_list":["post-24","page","type-page","status-publish","hentry"],"_links":{"self":[{"href":"http:\/\/www.malagabasenavalaccidental.com\/index.php?rest_route=\/wp\/v2\/pages\/24","targetHints":{"allow":["GET"]}}],"collection":[{"href":"http:\/\/www.malagabasenavalaccidental.com\/index.php?rest_route=\/wp\/v2\/pages"}],"about":[{"href":"http:\/\/www.malagabasenavalaccidental.com\/index.php?rest_route=\/wp\/v2\/types\/page"}],"author":[{"embeddable":true,"href":"http:\/\/www.malagabasenavalaccidental.com\/index.php?rest_route=\/wp\/v2\/users\/3"}],"replies":[{"embeddable":true,"href":"http:\/\/www.malagabasenavalaccidental.com\/index.php?rest_route=%2Fwp%2Fv2%2Fcomments&post=24"}],"version-history":[{"count":4,"href":"http:\/\/www.malagabasenavalaccidental.com\/index.php?rest_route=\/wp\/v2\/pages\/24\/revisions"}],"predecessor-version":[{"id":87,"href":"http:\/\/www.malagabasenavalaccidental.com\/index.php?rest_route=\/wp\/v2\/pages\/24\/revisions\/87"}],"wp:attachment":[{"href":"http:\/\/www.malagabasenavalaccidental.com\/index.php?rest_route=%2Fwp%2Fv2%2Fmedia&parent=24"}],"curies":[{"name":"wp","href":"https:\/\/api.w.org\/{rel}","templated":true}]}}